{"id":198276,"date":"2021-12-20T11:06:31","date_gmt":"2021-12-20T10:06:31","guid":{"rendered":"https:\/\/www.brikk.dk\/valuation\/"},"modified":"2025-03-19T10:23:30","modified_gmt":"2025-03-19T09:23:30","slug":"valuation","status":"publish","type":"page","link":"https:\/\/www.brikk.dk\/en\/valuation\/","title":{"rendered":"Valuation"},"content":{"rendered":"     \n<div class=\"address-property\" id=\"screen_1\">\n    <div class=\"dspf\">\n        <div class=\"postcode_ctn funner_right\">\n            <div class=\"pc_parent\">\n                <div class=\"pc_wrapper\">\n                    <div class=\"brikk-container-large\">\n\n                      <div class=\"funnel-steps\">\n                        <div class=\"steps_wr\">\n                            <ul class=\"steps\">                <li class=\"funnel-steps-active\">\n                    <span class=\"step\">1<\/span>\n                    <span class=\"step_text\">Postnummer<\/span>\n                <\/li>\n                                <li class=\"\">\n                    <span class=\"step\">2<\/span>\n                    <span class=\"step_text\">Dato og tid<\/span>\n                <\/li>\n                                <li class=\"\">\n                    <span class=\"step\">3<\/span>\n                    <span class=\"step_text\">Info<\/span>\n                <\/li>\n                <\/ul>                            <\/div>\n                        <\/div>\n\n                        <div class=\"brikk-funnel-layout-wrapper\">\n                            <div class=\"brikk-funnel-layout-left\">\n                                <div class=\"brikk-funnel-layout-left-content\">\n                                    <div class=\"brikk-funnel-layout-left-content-inner\">\n                                        <h2>Indtast dit postnummer<\/h2>\n                                        <h1 class=\"brikk-funnel-layout-left-description\">Her kan du nemt booke en <span>gratis og uforpligtende<\/span> salgsvurdering hos din lokale Brikk m\u00e6gler og ekspert.<\/h1>\n                                        <h1 class=\"brikk-funnel-layout-left-description hide-desktop\">Gratis salgsvurdering hos din lokale Brikk m\u00e6gler.<\/h1>\n                                        <div class=\"postcode_parent\">\n                                            <input id=\"findAddress_input\" type=\"text\" class=\"form-control postcode_field\"\n                                            maxlength=\"8\" id=\"address_input_postcode_book_val_property_ID\"\n                                            placeholder=\"Indtast dit postnummer\"\n                                            title=\"Indtast dit postnummer\" >\n                                            <button id=\"findAddress_btn\" class=\"btn btn-green findAddress cta_btn\" type=\"submit\"\n                                            id=\"address_find_button_book_val_property_ID\">G\u00e5 til n\u00e6ste skridt\n                                        <\/button>\n                                    <\/div>\n                                    <div id=\"error_postcode\" style=\"display: none\">Dette postnummer findes ikke.<\/div>\n\n                                    <div class=\"brikk-funnel-layout-left-why-brikk\">\n                                        <div class=\"brikk-funnel-layout-left-why-brikk-column\">\n                                            <h3>Lokale m\u00e6glere og specialister<\/h3>\n                                            <p>Din vurdering bliver lavet af din lokale Brikk m\u00e6gler og specialist, som er med i hele processen fra A-Z.<\/p>\n                                        <\/div>\n                                        <div class=\"brikk-funnel-layout-left-why-brikk-column\">\n                                            <h3>Fokus p\u00e5 at s\u00e6lge for mere og hurtigere<\/h3>\n                                            <p>Hos Brikk f\u00e5r du ekstra m\u00e5lrettet markedsf\u00f8ring med i prisen. Det giver flere k\u00f8bere og ofte hurtigere salg og h\u00f8jere pris.<\/p>\n                                        <\/div>\n                                        <div class=\"brikk-funnel-layout-left-why-brikk-column\">\n                                            <h3>Trustpilot: 4,6 ud af 5 - Fremragende<\/h3>\n                                            <p>Hos Brikk f\u00e5r du en fuld service, men ogs\u00e5 mere til. Derfor er vi en af Danmarks bedst anmeldte ejendomsm\u00e6glere.<\/p>\n                                        <\/div>\n                                        <div class=\"brikk-funnel-layout-left-why-brikk-column\">\n                                            <h3>S\u00e6lg for 19.500 kr. og f\u00e5 en A-Z service<\/h3>\n                                            <p>Alt inkl.: Boligsiden, Boliga, billeder, plantegning, dokumenter, digital kampagne m.m.<\/p>\n                                        <\/div>\n                                    <\/div>\n                                <\/div>\n                            <\/div>\n                        <\/div>\n                        <div class=\"brikk-funnel-layout-right\">\n                        <\/div>\n                    <\/div>\n                <\/div>\n\n            <\/div>\n        <\/div>\n    <\/div>\n<\/div>\n<\/div>\n        \n","protected":false},"excerpt":{"rendered":"","protected":false},"author":16,"featured_media":192490,"parent":0,"menu_order":0,"comment_status":"closed","ping_status":"closed","template":"funnel-template.php","meta":{"_acf_changed":false,"footnotes":""},"class_list":["post-198276","page","type-page","status-publish","has-post-thumbnail","hentry"],"acf":[],"yoast_head":"<!-- This site is optimized with the Yoast SEO plugin v25.3.1 - https:\/\/yoast.com\/wordpress\/plugins\/seo\/ -->\n<title>Valuation - Brikk<\/title>\n<meta name=\"robots\" content=\"index, follow, max-snippet:-1, max-image-preview:large, max-video-preview:-1\" \/>\n<link rel=\"canonical\" href=\"https:\/\/www.brikk.dk\/en\/valuation\/\" \/>\n<meta property=\"og:locale\" content=\"en_US\" \/>\n<meta property=\"og:type\" content=\"article\" \/>\n<meta property=\"og:title\" content=\"Valuation - Brikk\" \/>\n<meta property=\"og:url\" content=\"https:\/\/www.brikk.dk\/en\/valuation\/\" \/>\n<meta property=\"og:site_name\" content=\"Brikk\" \/>\n<meta property=\"article:publisher\" content=\"https:\/\/www.facebook.com\/Brikk-Ejendomsmaegler-454664421969906\/\" \/>\n<meta property=\"article:modified_time\" content=\"2025-03-19T09:23:30+00:00\" \/>\n<meta property=\"og:image\" content=\"https:\/\/www.brikk.dk\/wp-content\/uploads\/2024\/07\/vurd.jpg\" \/>\n\t<meta property=\"og:image:width\" content=\"1100\" \/>\n\t<meta property=\"og:image:height\" content=\"948\" \/>\n\t<meta property=\"og:image:type\" content=\"image\/jpeg\" \/>\n<meta name=\"twitter:card\" content=\"summary_large_image\" \/>\n<script type=\"application\/ld+json\" class=\"yoast-schema-graph\">{\"@context\":\"https:\/\/schema.org\",\"@graph\":[{\"@type\":\"WebPage\",\"@id\":\"https:\/\/www.brikk.dk\/en\/valuation\/\",\"url\":\"https:\/\/www.brikk.dk\/en\/valuation\/\",\"name\":\"Valuation - Brikk\",\"isPartOf\":{\"@id\":\"https:\/\/www.brikk.dk\/en\/#website\"},\"primaryImageOfPage\":{\"@id\":\"https:\/\/www.brikk.dk\/en\/valuation\/#primaryimage\"},\"image\":{\"@id\":\"https:\/\/www.brikk.dk\/en\/valuation\/#primaryimage\"},\"thumbnailUrl\":\"https:\/\/www.brikk.dk\/wp-content\/uploads\/2024\/07\/vurd.jpg\",\"datePublished\":\"2021-12-20T10:06:31+00:00\",\"dateModified\":\"2025-03-19T09:23:30+00:00\",\"breadcrumb\":{\"@id\":\"https:\/\/www.brikk.dk\/en\/valuation\/#breadcrumb\"},\"inLanguage\":\"en-US\",\"potentialAction\":[{\"@type\":\"ReadAction\",\"target\":[\"https:\/\/www.brikk.dk\/en\/valuation\/\"]}]},{\"@type\":\"ImageObject\",\"inLanguage\":\"en-US\",\"@id\":\"https:\/\/www.brikk.dk\/en\/valuation\/#primaryimage\",\"url\":\"https:\/\/www.brikk.dk\/wp-content\/uploads\/2024\/07\/vurd.jpg\",\"contentUrl\":\"https:\/\/www.brikk.dk\/wp-content\/uploads\/2024\/07\/vurd.jpg\",\"width\":1100,\"height\":948},{\"@type\":\"BreadcrumbList\",\"@id\":\"https:\/\/www.brikk.dk\/en\/valuation\/#breadcrumb\",\"itemListElement\":[{\"@type\":\"ListItem\",\"position\":1,\"name\":\"Home\",\"item\":\"https:\/\/www.brikk.dk\/en\/brikk-real-estate-agency\/\"},{\"@type\":\"ListItem\",\"position\":2,\"name\":\"Valuation\"}]},{\"@type\":\"WebSite\",\"@id\":\"https:\/\/www.brikk.dk\/en\/#website\",\"url\":\"https:\/\/www.brikk.dk\/en\/\",\"name\":\"Brikk\",\"description\":\"\",\"publisher\":{\"@id\":\"https:\/\/www.brikk.dk\/en\/#organization\"},\"potentialAction\":[{\"@type\":\"SearchAction\",\"target\":{\"@type\":\"EntryPoint\",\"urlTemplate\":\"https:\/\/www.brikk.dk\/en\/?s={search_term_string}\"},\"query-input\":{\"@type\":\"PropertyValueSpecification\",\"valueRequired\":true,\"valueName\":\"search_term_string\"}}],\"inLanguage\":\"en-US\"},{\"@type\":\"Organization\",\"@id\":\"https:\/\/www.brikk.dk\/en\/#organization\",\"name\":\"Brikk Gruppen ApS\",\"url\":\"https:\/\/www.brikk.dk\/en\/\",\"logo\":{\"@type\":\"ImageObject\",\"inLanguage\":\"en-US\",\"@id\":\"https:\/\/www.brikk.dk\/en\/#\/schema\/logo\/image\/\",\"url\":\"https:\/\/www.brikk.dk\/wp-content\/uploads\/2021\/07\/Brikk-Facebook.png\",\"contentUrl\":\"https:\/\/www.brikk.dk\/wp-content\/uploads\/2021\/07\/Brikk-Facebook.png\",\"width\":947,\"height\":949,\"caption\":\"Brikk Gruppen ApS\"},\"image\":{\"@id\":\"https:\/\/www.brikk.dk\/en\/#\/schema\/logo\/image\/\"},\"sameAs\":[\"https:\/\/www.facebook.com\/Brikk-Ejendomsmaegler-454664421969906\/\"]}]}<\/script>\n<!-- \/ Yoast SEO plugin. -->","yoast_head_json":{"title":"Valuation - Brikk","robots":{"index":"index","follow":"follow","max-snippet":"max-snippet:-1","max-image-preview":"max-image-preview:large","max-video-preview":"max-video-preview:-1"},"canonical":"https:\/\/www.brikk.dk\/en\/valuation\/","og_locale":"en_US","og_type":"article","og_title":"Valuation - Brikk","og_url":"https:\/\/www.brikk.dk\/en\/valuation\/","og_site_name":"Brikk","article_publisher":"https:\/\/www.facebook.com\/Brikk-Ejendomsmaegler-454664421969906\/","article_modified_time":"2025-03-19T09:23:30+00:00","og_image":[{"width":1100,"height":948,"url":"https:\/\/www.brikk.dk\/wp-content\/uploads\/2024\/07\/vurd.jpg","type":"image\/jpeg"}],"twitter_card":"summary_large_image","schema":{"@context":"https:\/\/schema.org","@graph":[{"@type":"WebPage","@id":"https:\/\/www.brikk.dk\/en\/valuation\/","url":"https:\/\/www.brikk.dk\/en\/valuation\/","name":"Valuation - Brikk","isPartOf":{"@id":"https:\/\/www.brikk.dk\/en\/#website"},"primaryImageOfPage":{"@id":"https:\/\/www.brikk.dk\/en\/valuation\/#primaryimage"},"image":{"@id":"https:\/\/www.brikk.dk\/en\/valuation\/#primaryimage"},"thumbnailUrl":"https:\/\/www.brikk.dk\/wp-content\/uploads\/2024\/07\/vurd.jpg","datePublished":"2021-12-20T10:06:31+00:00","dateModified":"2025-03-19T09:23:30+00:00","breadcrumb":{"@id":"https:\/\/www.brikk.dk\/en\/valuation\/#breadcrumb"},"inLanguage":"en-US","potentialAction":[{"@type":"ReadAction","target":["https:\/\/www.brikk.dk\/en\/valuation\/"]}]},{"@type":"ImageObject","inLanguage":"en-US","@id":"https:\/\/www.brikk.dk\/en\/valuation\/#primaryimage","url":"https:\/\/www.brikk.dk\/wp-content\/uploads\/2024\/07\/vurd.jpg","contentUrl":"https:\/\/www.brikk.dk\/wp-content\/uploads\/2024\/07\/vurd.jpg","width":1100,"height":948},{"@type":"BreadcrumbList","@id":"https:\/\/www.brikk.dk\/en\/valuation\/#breadcrumb","itemListElement":[{"@type":"ListItem","position":1,"name":"Home","item":"https:\/\/www.brikk.dk\/en\/brikk-real-estate-agency\/"},{"@type":"ListItem","position":2,"name":"Valuation"}]},{"@type":"WebSite","@id":"https:\/\/www.brikk.dk\/en\/#website","url":"https:\/\/www.brikk.dk\/en\/","name":"Brikk","description":"","publisher":{"@id":"https:\/\/www.brikk.dk\/en\/#organization"},"potentialAction":[{"@type":"SearchAction","target":{"@type":"EntryPoint","urlTemplate":"https:\/\/www.brikk.dk\/en\/?s={search_term_string}"},"query-input":{"@type":"PropertyValueSpecification","valueRequired":true,"valueName":"search_term_string"}}],"inLanguage":"en-US"},{"@type":"Organization","@id":"https:\/\/www.brikk.dk\/en\/#organization","name":"Brikk Gruppen ApS","url":"https:\/\/www.brikk.dk\/en\/","logo":{"@type":"ImageObject","inLanguage":"en-US","@id":"https:\/\/www.brikk.dk\/en\/#\/schema\/logo\/image\/","url":"https:\/\/www.brikk.dk\/wp-content\/uploads\/2021\/07\/Brikk-Facebook.png","contentUrl":"https:\/\/www.brikk.dk\/wp-content\/uploads\/2021\/07\/Brikk-Facebook.png","width":947,"height":949,"caption":"Brikk Gruppen ApS"},"image":{"@id":"https:\/\/www.brikk.dk\/en\/#\/schema\/logo\/image\/"},"sameAs":["https:\/\/www.facebook.com\/Brikk-Ejendomsmaegler-454664421969906\/"]}]}},"_links":{"self":[{"href":"https:\/\/www.brikk.dk\/en\/wp-json\/wp\/v2\/pages\/198276","targetHints":{"allow":["GET"]}}],"collection":[{"href":"https:\/\/www.brikk.dk\/en\/wp-json\/wp\/v2\/pages"}],"about":[{"href":"https:\/\/www.brikk.dk\/en\/wp-json\/wp\/v2\/types\/page"}],"author":[{"embeddable":true,"href":"https:\/\/www.brikk.dk\/en\/wp-json\/wp\/v2\/users\/16"}],"replies":[{"embeddable":true,"href":"https:\/\/www.brikk.dk\/en\/wp-json\/wp\/v2\/comments?post=198276"}],"version-history":[{"count":1,"href":"https:\/\/www.brikk.dk\/en\/wp-json\/wp\/v2\/pages\/198276\/revisions"}],"predecessor-version":[{"id":198277,"href":"https:\/\/www.brikk.dk\/en\/wp-json\/wp\/v2\/pages\/198276\/revisions\/198277"}],"wp:featuredmedia":[{"embeddable":true,"href":"https:\/\/www.brikk.dk\/en\/wp-json\/wp\/v2\/media\/192490"}],"wp:attachment":[{"href":"https:\/\/www.brikk.dk\/en\/wp-json\/wp\/v2\/media?parent=198276"}],"curies":[{"name":"wp","href":"https:\/\/api.w.org\/{rel}","templated":true}]}}